{"id":128,"date":"2012-06-10T09:39:05","date_gmt":"2012-06-10T09:39:05","guid":{"rendered":"http:\/\/www.malawintar.de\/?page_id=128"},"modified":"2012-06-10T15:36:00","modified_gmt":"2012-06-10T15:36:00","slug":"startseite-platzhalter","status":"publish","type":"page","link":"http:\/\/www.malawintar.de\/","title":{"rendered":"Willkommen auf meiner Homepage!"},"content":{"rendered":"<p>Warum ausgerechnet ein Kriminalroman?<\/p>\n<p>Diese Frage wurde mir im Kreise von Familie und Freunden wiederholt gestellt. Wer mich pers\u00f6nlich kennt, w\u00fcrde vermutlich eine ganz andere Geschichte erwarten &#8211; Fantasy, Science Fiction oder irgend etwas D\u00fcsteres. Stattdessen ist mein erstes Buch ein Krimi geworden. Der Grund ist ganz einfach: es hat sich spontan so ergeben.<br \/>\nDas ist ja gerade das Sch\u00f6ne; ich mu\u00df mich nicht auf ein bestimmtes Genre festlegen.<\/p>\n<p>Aber eines ist mir beim Schreiben meines ersten Buches klar geworden: die M\u00f6glichkeit, mit Worten eine eigene Welt zu entwickeln und den Figuren Leben einzuhauchen, macht unglaublich Spa\u00df. Selten hat mir eine T\u00e4tigkeit so viel Freude und Erf\u00fcllung geschenkt und ich w\u00fcnsche mir, dass noch weitere Geschichten folgen.<\/p>\n<p><a href=\"http:\/\/www.malawintar.de\/wp-content\/uploads\/2012\/06\/Zukunftsplaene.jpg\"><img loading=\"lazy\" class=\"alignnone size-full wp-image-136\" title=\"Zukunftspl\u00e4ne\" src=\"http:\/\/www.malawintar.de\/wp-content\/uploads\/2012\/06\/Zukunftsplaene.jpg\" alt=\"\" width=\"568\" height=\"910\" srcset=\"http:\/\/www.malawintar.de\/wp-content\/uploads\/2012\/06\/Zukunftsplaene.jpg 568w, http:\/\/www.malawintar.de\/wp-content\/uploads\/2012\/06\/Zukunftsplaene-187x300.jpg 187w\" sizes=\"(max-width: 568px) 100vw, 568px\" \/><\/a><\/p>\n<p>&nbsp;<\/p>\n","protected":false},"excerpt":{"rendered":"<p>Warum ausgerechnet ein Kriminalroman? Diese Frage wurde mir im Kreise von Familie und Freunden wiederholt gestellt. Wer mich pers\u00f6nlich kennt, w\u00fcrde vermutlich eine ganz andere Geschichte erwarten &#8211; Fantasy, Science Fiction oder irgend etwas D\u00fcsteres. Stattdessen ist mein erstes Buch &hellip; <a href=\"http:\/\/www.malawintar.de\/\">Weiterlesen <span class=\"meta-nav\">&rarr;<\/span><\/a><\/p>\n","protected":false},"author":1,"featured_media":0,"parent":0,"menu_order":1,"comment_status":"closed","ping_status":"closed","template":"","meta":[],"_links":{"self":[{"href":"http:\/\/www.malawintar.de\/index.php?rest_route=\/wp\/v2\/pages\/128"}],"collection":[{"href":"http:\/\/www.malawintar.de\/index.php?rest_route=\/wp\/v2\/pages"}],"about":[{"href":"http:\/\/www.malawintar.de\/index.php?rest_route=\/wp\/v2\/types\/page"}],"author":[{"embeddable":true,"href":"http:\/\/www.malawintar.de\/index.php?rest_route=\/wp\/v2\/users\/1"}],"replies":[{"embeddable":true,"href":"http:\/\/www.malawintar.de\/index.php?rest_route=%2Fwp%2Fv2%2Fcomments&post=128"}],"version-history":[{"count":12,"href":"http:\/\/www.malawintar.de\/index.php?rest_route=\/wp\/v2\/pages\/128\/revisions"}],"predecessor-version":[{"id":131,"href":"http:\/\/www.malawintar.de\/index.php?rest_route=\/wp\/v2\/pages\/128\/revisions\/131"}],"wp:attachment":[{"href":"http:\/\/www.malawintar.de\/index.php?rest_route=%2Fwp%2Fv2%2Fmedia&parent=128"}],"curies":[{"name":"wp","href":"https:\/\/api.w.org\/{rel}","templated":true}]}}